{"id":9,"date":"2026-01-09T10:21:41","date_gmt":"2026-01-09T10:21:41","guid":{"rendered":"https:\/\/flobygrolanda.sportadmin.dev\/index.php\/om-oss\/"},"modified":"2026-04-08T13:46:12","modified_gmt":"2026-04-08T13:46:12","slug":"om-oss","status":"publish","type":"page","link":"https:\/\/flobygrolanda.sportadmin.dev\/index.php\/om-oss\/","title":{"rendered":"Om oss"},"content":{"rendered":"\n<div class=\"wp-block-cover alignfull sa-hero has-custom-content-position is-position-center-bottom\" style=\"min-height:60vh;padding-top:0;padding-bottom:0;aspect-ratio:unset;\"><span aria-hidden=\"true\" class=\"wp-block-cover__background has-primary-background-color\"><\/span><div class=\"wp-block-cover__inner-container is-layout-flow wp-block-cover-is-layout-flow\">\n    \n\n<div class=\"wp-block-group sa-hero__inner is-layout-constrained wp-block-group-is-layout-constrained\">\n        \n\n<div class=\"wp-block-group sa-hero__content is-vertical is-content-justification-flex-end is-layout-flex wp-container-core-group-is-layout-47fbd1f5 wp-block-group-is-layout-flex\">\n            \n\n<h1 class=\"wp-block-heading sa-hero__title has-text-align-center\">Vi \u00e4r [F\u00f6reningsnamn]<\/h1>\n\n        <\/div>\n\n    <\/div>\n\n<\/div><\/div>\n\n\n\n<div class=\"wp-block-group alignwide is-layout-constrained wp-block-group-is-layout-constrained\" style=\"padding-top:4rem;padding-bottom:4rem\">\n<h2 class=\"wp-block-heading\">Om oss<\/h2>\n\n\n\n<p>H\u00e4r kan du skriva om er f\u00f6rening. Beskriv er historia, v\u00e4rderingar och vad ni st\u00e5r f\u00f6r. Detta inneh\u00e5ll kan redigeras direkt i Site Editor.<\/p>\n\n\n\n<p>L\u00e4gg till fler stycken, bilder eller andra blocks h\u00e4r nedan.<\/p>\n<\/div>\n\n\n\n<div class=\"wp-block-group alignfull sa-threecards is-layout-flow wp-block-group-is-layout-flow\" style=\"margin-top:0;margin-bottom:0;padding-top:24px;padding-right:40px;padding-bottom:24px;padding-left:40px\">\n<div class=\"wp-block-group sa-threecards__inner is-layout-flow wp-block-group-is-layout-flow\">\n<h2 class=\"wp-block-heading sa-threecards__title\">V\u00e5r verksamhet<\/h2>\n\n\n\n<div class=\"wp-block-group sa-threecards__grid is-layout-flow wp-block-group-is-layout-flow\">\n<div style=\"aspect-ratio:unset;\" class=\"wp-block-cover sa-threecards__card\"><span aria-hidden=\"true\" class=\"wp-block-cover__background has-background-dim-0 has-background-dim\"><\/span><div class=\"wp-block-cover__inner-container is-layout-flow wp-block-cover-is-layout-flow\">\n\t\t\t\t\n\n<div class=\"wp-block-group sa-threecards__content is-vertical is-content-justification-flex-start is-layout-flex wp-container-core-group-is-layout-1207d85a wp-block-group-is-layout-flex\">\n\t\t\t\t\t\n\n<h3 class=\"wp-block-heading sa-threecards__heading\">V\u00e5r vision<\/h3>\n\n\t\t\t\t\t\n\n<p class=\"sa-threecards__meta\">Beskriv er vision h\u00e4r.<\/p>\n\n\t\t\t\t<\/div>\n\n\t\t\t\t\n\n<div class=\"wp-block-buttons sa-threecards__overlay is-layout-flex wp-block-buttons-is-layout-flex\">\n\t\t\t\t\t\n\n<div class=\"wp-block-button sa-threecards__overlay-button\"><a class=\"wp-block-button__link has-primary-background-color has-background wp-element-button\" href=\"#\">L\u00e4s mer<\/a><\/div>\n\n\t\t\t\t<\/div>\n\n\t\t\t<\/div><\/div>\n\n\n\n<div style=\"aspect-ratio:unset;\" class=\"wp-block-cover sa-threecards__card\"><span aria-hidden=\"true\" class=\"wp-block-cover__background has-background-dim-0 has-background-dim\"><\/span><div class=\"wp-block-cover__inner-container is-layout-flow wp-block-cover-is-layout-flow\">\n\t\t\t\t\n\n<div class=\"wp-block-group sa-threecards__content is-vertical is-content-justification-flex-start is-layout-flex wp-container-core-group-is-layout-1207d85a wp-block-group-is-layout-flex\">\n\t\t\t\t\t\n\n<h3 class=\"wp-block-heading sa-threecards__heading\">V\u00e5ra v\u00e4rderingar<\/h3>\n\n\t\t\t\t\t\n\n<p class=\"sa-threecards__meta\">Beskriv era v\u00e4rderingar h\u00e4r.<\/p>\n\n\t\t\t\t<\/div>\n\n\t\t\t\t\n\n<div class=\"wp-block-buttons sa-threecards__overlay is-layout-flex wp-block-buttons-is-layout-flex\">\n\t\t\t\t\t\n\n<div class=\"wp-block-button sa-threecards__overlay-button\"><a class=\"wp-block-button__link has-primary-background-color has-background wp-element-button\" href=\"#\">L\u00e4s mer<\/a><\/div>\n\n\t\t\t\t<\/div>\n\n\t\t\t<\/div><\/div>\n\n\n\n<div style=\"aspect-ratio:unset;\" class=\"wp-block-cover sa-threecards__card\"><span aria-hidden=\"true\" class=\"wp-block-cover__background has-background-dim-0 has-background-dim\"><\/span><div class=\"wp-block-cover__inner-container is-layout-flow wp-block-cover-is-layout-flow\">\n\t\t\t\t\n\n<div class=\"wp-block-group sa-threecards__content is-vertical is-content-justification-flex-start is-layout-flex wp-container-core-group-is-layout-1207d85a wp-block-group-is-layout-flex\">\n\t\t\t\t\t\n\n<h3 class=\"wp-block-heading sa-threecards__heading\">V\u00e5r historia<\/h3>\n\n\t\t\t\t\t\n\n<p class=\"sa-threecards__meta\">Ber\u00e4tta om er historia h\u00e4r.<\/p>\n\n\t\t\t\t<\/div>\n\n\t\t\t\t\n\n<div class=\"wp-block-buttons sa-threecards__overlay is-layout-flex wp-block-buttons-is-layout-flex\">\n\t\t\t\t\t\n\n<div class=\"wp-block-button sa-threecards__overlay-button\"><a class=\"wp-block-button__link has-primary-background-color has-background wp-element-button\" href=\"#\">L\u00e4s mer<\/a><\/div>\n\n\t\t\t\t<\/div>\n\n\t\t\t<\/div><\/div>\n<\/div>\n<\/div>\n<\/div>\n\n\n\n<div class=\"wp-block-group alignwide is-layout-constrained wp-block-group-is-layout-constrained\" style=\"padding-top:4rem;padding-bottom:4rem\">\n<h2 class=\"wp-block-heading\" style=\"margin-bottom:2rem\">Kontakta oss<\/h2>\n\n\n\n<div class=\"wp-block-columns is-layout-flex wp-container-core-columns-is-layout-28f84493 wp-block-columns-is-layout-flex\">\n<div class=\"wp-block-column is-layout-flow wp-block-column-is-layout-flow\">\n<h4 class=\"wp-block-heading\" style=\"font-size:1rem;text-transform:uppercase\">Post &amp; Bes\u00f6ksadress<\/h4>\n\n\n\n<p>[F\u00f6reningsnamn]<br>[Gatuadress]<br>[Postnummer och ort]<\/p>\n<\/div>\n\n\n\n<div class=\"wp-block-column is-layout-flow wp-block-column-is-layout-flow\">\n<h4 class=\"wp-block-heading\" style=\"font-size:1rem;text-transform:uppercase\">Telefon<\/h4>\n\n\n\n<p>[Telefonnummer]<\/p>\n<\/div>\n\n\n\n<div class=\"wp-block-column is-layout-flow wp-block-column-is-layout-flow\">\n<h4 class=\"wp-block-heading\" style=\"font-size:1rem;text-transform:uppercase\">Epost<\/h4>\n\n\n\n<p><a href=\"mailto:[epostadress]\" style=\"color:inherit;text-decoration:none\">[epostadress]<\/a><\/p>\n<\/div>\n<\/div>\n\n\n\n<div class=\"wp-block-group is-layout-flow wp-block-group-is-layout-flow\" style=\"margin-top:2rem\"><\/div>\n\n\n\n<details class=\"wp-block-details sa-contact-persons has-secondary-background-color has-background is-layout-flow wp-block-details-is-layout-flow\" style=\"border-radius:8px;background-color:var(--wp--preset--color--secondary);padding-top:1rem;padding-right:1.5rem;padding-bottom:1rem;padding-left:1.5rem\"><summary>Kontaktpersoner<\/summary>\n<div class=\"wp-block-group is-layout-flow wp-block-group-is-layout-flow\" style=\"padding-top:1.5rem;padding-bottom:1.5rem\">\n<div class=\"wp-block-group sa-contact-person is-layout-flow wp-block-group-is-layout-flow\" style=\"padding-top:0;padding-bottom:0\">\n<p style=\"margin-bottom:0.25rem;font-weight:600\"><p style=\"color:var(--wp--preset--color--primary);font-weight:600;margin-bottom:0.25rem\">[Namn]<\/p><\/p>\n\n\n\n<p style=\"margin-top:0;margin-bottom:0.25rem\"><p style=\"color:var(--wp--preset--color--primary);margin-top:0;margin-bottom:0.25rem\">[Titel]<\/p><\/p>\n\n\n\n<p style=\"margin-top:0;margin-bottom:0.25rem\"><p style=\"color:var(--wp--preset--color--primary);margin-top:0;margin-bottom:0.25rem\">[Telefonnummer]<\/p><\/p>\n\n\n\n<p style=\"margin-top:0;margin-bottom:0\"><p style=\"color:var(--wp--preset--color--primary);margin-top:0;margin-bottom:0\"><a href=\"mailto:[epostadress]\" style=\"color:inherit;text-decoration:underline\">[epostadress]<\/a><\/p><\/p>\n<\/div>\n<\/div>\n<\/details>\n<\/div>\n\n\n\n<div class=\"wp-block-group alignfull sa-partners is-layout-flow wp-block-group-is-layout-flow\" style=\"padding-top:56px;padding-right:40px;padding-bottom:56px;padding-left:40px\">\n<div class=\"wp-block-group sa-partners__inner is-layout-flow wp-block-group-is-layout-flow\">\n<div class=\"wp-block-group sa-partners__section is-layout-flow wp-block-group-is-layout-flow\">\n<h3 class=\"wp-block-heading sa-partners__heading\">Huvudpartners<\/h3>\n\n\n\n<div class=\"wp-block-group sa-partners__grid is-layout-flow wp-block-group-is-layout-flow\">\n\n\n\n\n\n<\/div>\n<\/div>\n\n\n\n<div class=\"wp-block-group sa-partners__section is-layout-flow wp-block-group-is-layout-flow\">\n<h3 class=\"wp-block-heading sa-partners__heading\">Officiella partners<\/h3>\n\n\n\n<div class=\"wp-block-group sa-partners__grid is-layout-flow wp-block-group-is-layout-flow\">\n\n\n\n\n\n<\/div>\n<\/div>\n<\/div>\n<\/div>\n","protected":false},"excerpt":{"rendered":"<p>Om oss H\u00e4r kan du skriva om er f\u00f6rening. Beskriv er historia, v\u00e4rderingar och vad ni st\u00e5r f\u00f6r. Detta inneh\u00e5ll&#8230;<\/p>\n","protected":false},"author":0,"featured_media":0,"parent":0,"menu_order":0,"comment_status":"closed","ping_status":"closed","template":"","meta":{"footnotes":""},"class_list":["post-9","page","type-page","status-publish","hentry"],"_links":{"self":[{"href":"https:\/\/flobygrolanda.sportadmin.dev\/index.php\/wp-json\/wp\/v2\/pages\/9","targetHints":{"allow":["GET"]}}],"collection":[{"href":"https:\/\/flobygrolanda.sportadmin.dev\/index.php\/wp-json\/wp\/v2\/pages"}],"about":[{"href":"https:\/\/flobygrolanda.sportadmin.dev\/index.php\/wp-json\/wp\/v2\/types\/page"}],"replies":[{"embeddable":true,"href":"https:\/\/flobygrolanda.sportadmin.dev\/index.php\/wp-json\/wp\/v2\/comments?post=9"}],"version-history":[{"count":2,"href":"https:\/\/flobygrolanda.sportadmin.dev\/index.php\/wp-json\/wp\/v2\/pages\/9\/revisions"}],"predecessor-version":[{"id":18,"href":"https:\/\/flobygrolanda.sportadmin.dev\/index.php\/wp-json\/wp\/v2\/pages\/9\/revisions\/18"}],"wp:attachment":[{"href":"https:\/\/flobygrolanda.sportadmin.dev\/index.php\/wp-json\/wp\/v2\/media?parent=9"}],"curies":[{"name":"wp","href":"https:\/\/api.w.org\/{rel}","templated":true}]}}